{"id":889,"date":"2022-08-27T04:09:59","date_gmt":"2022-08-27T04:09:59","guid":{"rendered":"https:\/\/wasatch.edu\/rmms\/?page_id=889"},"modified":"2025-09-04T15:58:36","modified_gmt":"2025-09-04T15:58:36","slug":"school-fees","status":"publish","type":"page","link":"https:\/\/wasatch.edu\/rmms\/school-fees\/","title":{"rendered":"School Fees"},"content":{"rendered":"\t\t<div data-elementor-type=\"wp-page\" data-elementor-id=\"889\" class=\"elementor elementor-889\" data-elementor-post-type=\"page\">\n\t\t\t\t\t\t<section class=\"elementor-section elementor-top-section elementor-element elementor-element-71c4e78 elementor-section-boxed elementor-section-height-default elementor-section-height-default\" data-id=\"71c4e78\" data-element_type=\"section\" data-e-type=\"section\">\n\t\t\t\t\t\t<div class=\"elementor-container elementor-column-gap-default\">\n\t\t\t\t\t<div class=\"elementor-column elementor-col-100 elementor-top-column elementor-element elementor-element-cde7ae9\" data-id=\"cde7ae9\" data-element_type=\"column\" data-e-type=\"column\">\n\t\t\t<div class=\"elementor-widget-wrap elementor-element-populated\">\n\t\t\t\t\t\t<div class=\"elementor-element elementor-element-7556ebf elementor-tabs-view-horizontal elementor-widget elementor-widget-tabs\" data-id=\"7556ebf\" data-element_type=\"widget\" data-e-type=\"widget\" data-widget_type=\"tabs.default\">\n\t\t\t\t<div class=\"elementor-widget-container\">\n\t\t\t\t\t\t\t<div class=\"elementor-tabs\">\n\t\t\t<div class=\"elementor-tabs-wrapper\" role=\"tablist\" >\n\t\t\t\t\t\t\t\t\t<div id=\"elementor-tab-title-1231\" class=\"elementor-tab-title elementor-tab-desktop-title\" aria-selected=\"true\" data-tab=\"1\" role=\"tab\" tabindex=\"0\" aria-controls=\"elementor-tab-content-1231\" aria-expanded=\"false\">General Information Informaci\u00f3n General<\/div>\n\t\t\t\t\t\t\t\t\t<div id=\"elementor-tab-title-1232\" class=\"elementor-tab-title elementor-tab-desktop-title\" aria-selected=\"false\" data-tab=\"2\" role=\"tab\" tabindex=\"-1\" aria-controls=\"elementor-tab-content-1232\" aria-expanded=\"false\">School Fees and Spend Plans Cuotas Escolares<\/div>\n\t\t\t\t\t\t\t\t\t<div id=\"elementor-tab-title-1233\" class=\"elementor-tab-title elementor-tab-desktop-title\" aria-selected=\"false\" data-tab=\"3\" role=\"tab\" tabindex=\"-1\" aria-controls=\"elementor-tab-content-1233\" aria-expanded=\"false\">School Fee Waivers Exenciones de Tarifas<\/div>\n\t\t\t\t\t\t\t\t\t<div id=\"elementor-tab-title-1234\" class=\"elementor-tab-title elementor-tab-desktop-title\" aria-selected=\"false\" data-tab=\"4\" role=\"tab\" tabindex=\"-1\" aria-controls=\"elementor-tab-content-1234\" aria-expanded=\"false\">Wasatch School District Distrito Escolar de Wasatch<\/div>\n\t\t\t\t\t\t\t<\/div>\n\t\t\t<div class=\"elementor-tabs-content-wrapper\" role=\"tablist\" aria-orientation=\"vertical\">\n\t\t\t\t\t\t\t\t\t<div class=\"elementor-tab-title elementor-tab-mobile-title\" aria-selected=\"true\" data-tab=\"1\" role=\"tab\" tabindex=\"0\" aria-controls=\"elementor-tab-content-1231\" aria-expanded=\"false\">General Information Informaci\u00f3n General<\/div>\n\t\t\t\t\t<div id=\"elementor-tab-content-1231\" class=\"elementor-tab-content elementor-clearfix\" data-tab=\"1\" role=\"tabpanel\" aria-labelledby=\"elementor-tab-title-1231\" tabindex=\"0\" hidden=\"false\"><p><span style=\"text-decoration: underline;\"><span class=\"\"><strong>General Information<\/strong> <\/span><\/span><\/p><p><span class=\"\">If you have questions regarding school fees, please contact the school Financial Secretary at 435-654-9350 ext 2603. <\/span><span class=\"\">Fees can be paid online via <span style=\"color: #3366ff;\"><a style=\"color: #3366ff;\" href=\"https:\/\/secure3.myschoolfees.com\/start_v2.aspx\">myschoolfees.com<\/a><\/span> or in the office with cash, check or credit card.<\/span><\/p><p><span class=\"\">Please use the tabs to access further information regarding school fees, spend plans, and fee waivers.<\/span><\/p><p><span style=\"text-decoration: underline;\"><strong><span class=\"\">Informaci\u00f3n General<\/span><\/strong><\/span><\/p><p><span class=\"\">Si tiene preguntas sobre las cuotas escolares, comun\u00edquese con la Secretaria de Finanzas de la escuela al 435-654-9350 ext 2603. Las cuotas se pueden pagar en l\u00ednea a trav\u00e9s de <span style=\"color: #3366ff;\"><a style=\"color: #3366ff;\" href=\"https:\/\/secure3.myschoolfees.com\/start_v2.aspx\">myschoolfees.com<\/a><\/span> o en la oficina con efectivo, cheque o tarjeta de cr\u00e9dito.<\/span><\/p><p><span class=\"\">Utilice las pesta\u00f1as para acceder a m\u00e1s informaci\u00f3n sobre las cuotas escolares, planes de gastos y exenciones de cuotas.<\/span><\/p><table><tbody><tr><td width=\"312\"><p><strong>School Fee Information<\/strong><\/p><\/td><td width=\"312\"><p><strong>Informaci\u00f3n sobre cuotas escolares<\/strong><\/p><\/td><\/tr><tr><td width=\"312\"><p><span style=\"color: #3366ff;\"><a style=\"color: #3366ff;\" href=\"https:\/\/wasatch.edu\/wp-content\/uploads\/2025\/03\/School-Fee-Parent-FAQs.pdf\">School Fee Parent FAQs<\/a><\/span><\/p><\/td><td width=\"312\"><p><span style=\"color: #3366ff;\"><a style=\"color: #3366ff;\" href=\"https:\/\/wasatch.edu\/wp-content\/uploads\/2025\/03\/School-Fee-Parent-FAQ-Spanish.pdf\">Preguntas Frecuentes de los Padres<\/a><\/span><\/p><\/td><\/tr><tr><td width=\"312\"><p><span style=\"color: #3366ff;\"><a style=\"color: #3366ff;\" href=\"https:\/\/wasatch.edu\/wp-content\/uploads\/2025\/04\/School-Fee-Notice-for-Families-7-12-English-.pdf\">School Fee Notice for Families 7-12<\/a><\/span><\/p><\/td><td width=\"312\"><p><span style=\"color: #3366ff;\"><a style=\"color: #3366ff;\" href=\"https:\/\/wasatch.edu\/wp-content\/uploads\/2025\/04\/School-Fee-Notice-for-Families-7-12-Spanish.pdf\">Aviso de Cuotas Escolares Para Familias 7-12<\/a><\/span><\/p><\/td><\/tr><tr><td width=\"312\"><p><span style=\"color: #3366ff;\"><a style=\"color: #3366ff;\" href=\"https:\/\/wasatch.edu\/wp-content\/uploads\/2025\/07\/Middle-School-Fee-Schedule-2025-2026.pdf\">Middle School Fee Schedule 2025-2026<\/a><\/span><\/p><\/td><td width=\"312\"><p><span style=\"color: #3366ff;\"><a style=\"color: #3366ff;\" href=\"https:\/\/wasatch.edu\/wp-content\/uploads\/2025\/05\/Middle-School-Fee-Schedule-2025-2026-SPANISH.pdf\">Lista de Tarifas de la escuela secundaria<\/a><\/span><\/p><\/td><\/tr><\/tbody><\/table><\/div>\n\t\t\t\t\t\t\t\t\t<div class=\"elementor-tab-title elementor-tab-mobile-title\" aria-selected=\"false\" data-tab=\"2\" role=\"tab\" tabindex=\"-1\" aria-controls=\"elementor-tab-content-1232\" aria-expanded=\"false\">School Fees and Spend Plans Cuotas Escolares<\/div>\n\t\t\t\t\t<div id=\"elementor-tab-content-1232\" class=\"elementor-tab-content elementor-clearfix\" data-tab=\"2\" role=\"tabpanel\" aria-labelledby=\"elementor-tab-title-1232\" tabindex=\"0\" hidden=\"hidden\"><table style=\"font-family: -apple-system, BlinkMacSystemFont, 'Segoe UI', Roboto, 'Helvetica Neue', Arial, 'Noto Sans', sans-serif, 'Apple Color Emoji', 'Segoe UI Emoji', 'Segoe UI Symbol', 'Noto Color Emoji';\" width=\"920\"><tbody><tr><td colspan=\"2\" width=\"920\"><p><strong>Rocky Mountain Middle School<\/strong> (2025-2026)<\/p><p><em>Click the course name to see the associated spend plan.<\/em><\/p><\/td><\/tr><tr><td width=\"831\"><span style=\"text-decoration: underline;\"><strong>Course Fees<\/strong><\/span> (per semester unless otherwise noted)<\/td><td width=\"89\"><strong><span style=\"text-decoration: underline;\">Cost<\/span><\/strong><\/td><\/tr><tr><td width=\"831\">\u00a0<span style=\"color: #3366ff;\"><a style=\"color: #3366ff;\" href=\"https:\/\/wasatch.edu\/wp-content\/uploads\/2025\/03\/RMMS-Spend-Plan-Ag-Science-Intro.pdf\">Ag Science Intro<\/a><\/span><\/td><td>$10.00<\/td><\/tr><tr><td width=\"831\"><a href=\"https:\/\/wasatch.edu\/wp-content\/uploads\/2025\/03\/RMMS-Spend-Plan-Archery.pdf\">\u00a0<span style=\"color: #3366ff;\">Archery<\/span><\/a><\/td><td>$25.00<\/td><\/tr><tr><td width=\"831\">\u00a0<span style=\"color: #3366ff;\"><a style=\"color: #3366ff;\" href=\"https:\/\/wasatch.edu\/wp-content\/uploads\/2025\/05\/RMMS-Spend-Plan-Art-Advanced.pdf\">Art Advanced<\/a><\/span><\/td><td>$15.00<\/td><\/tr><tr><td width=\"831\">\u00a0<span style=\"color: #3366ff;\"><a style=\"color: #3366ff;\" href=\"https:\/\/wasatch.edu\/wp-content\/uploads\/2025\/03\/RMMS-Spend-Plan-Art-1.pdf\">Art Foundations<\/a><\/span><\/td><td>$10.00<\/td><\/tr><tr><td width=\"831\">\u00a0<span style=\"color: #3366ff;\"><a style=\"color: #3366ff;\" href=\"https:\/\/wasatch.edu\/wp-content\/uploads\/2025\/03\/RMMS-Spend-Plan-Art-Drawing.pdf\">Art: Drawing<\/a><\/span><\/td><td>$10.00<\/td><\/tr><tr><td width=\"831\">\u00a0<span style=\"color: #3366ff;\"><a style=\"color: #3366ff;\" href=\"https:\/\/wasatch.edu\/wp-content\/uploads\/2025\/03\/RMMS-Spend-Plan-Art-Painting.pdf\">Art: Painting<\/a><\/span><\/td><td>$15.00<\/td><\/tr><tr><td width=\"831\">\u00a0<span style=\"color: #3366ff;\"><a style=\"color: #3366ff;\" href=\"https:\/\/wasatch.edu\/wp-content\/uploads\/2025\/03\/RMMS-Spend-Plan-Art-Pottery.pdf\">Art: Pottery<\/a><\/span><\/td><td>$15.00<\/td><\/tr><tr><td width=\"831\">\u00a0<span style=\"color: #3366ff;\"><a style=\"color: #3366ff;\" href=\"https:\/\/wasatch.edu\/wp-content\/uploads\/2025\/04\/RMMS-Spend-Plan-TV-Broadcasting.pdf\">Beginning Broadcasting \/ Desktop Publishing<\/a><\/span><\/td><td>$15.00<\/td><\/tr><tr><td width=\"831\">\u00a0<a href=\"https:\/\/wasatch.edu\/wp-content\/uploads\/2025\/03\/RMMS-Spend-Plan-College-and-Career-Awareness.pdf\"><span style=\"color: #3366ff;\">College and Career Awareness (CCA)<\/span><\/a><\/td><td>$15.00<\/td><\/tr><tr><td width=\"831\">\u00a0<span style=\"color: #3366ff;\"><a style=\"color: #3366ff;\" href=\"https:\/\/wasatch.edu\/wp-content\/uploads\/2025\/03\/RMMS-Spend-Plan-Drama-2.pdf\">Drama 2<\/a><\/span><\/td><td>$10.00<\/td><\/tr><tr><td width=\"831\">\u00a0<span style=\"color: #3366ff;\"><a style=\"color: #3366ff;\" href=\"https:\/\/wasatch.edu\/wp-content\/uploads\/2025\/03\/RMMS-Spend-Plan-FACS-Intro.pdf\">FACS Intro<\/a><\/span><\/td><td>$15.00<\/td><\/tr><tr><td width=\"831\">\u00a0<span style=\"color: #3366ff;\"><a style=\"color: #3366ff;\" href=\"https:\/\/wasatch.edu\/wp-content\/uploads\/2025\/03\/RMMS-Spend-Plan-FACS-Sewing-and-Interior-Design.pdf\">FACS A Sewing and Interior Design<\/a><\/span><\/td><td>$15.00<\/td><\/tr><tr><td width=\"831\">\u00a0<span style=\"color: #3366ff;\"><a style=\"color: #3366ff;\" href=\"https:\/\/wasatch.edu\/wp-content\/uploads\/2025\/03\/RMMS-Spend-Plan-FACS-Cooking-and-Nutrition.pdf\">FACS B Cooking and Nutrition<\/a><\/span><\/td><td>$15.00<\/td><\/tr><tr><td width=\"831\">\u00a0<span style=\"color: #3366ff;\"><a style=\"color: #3366ff;\" href=\"https:\/\/wasatch.edu\/wp-content\/uploads\/2025\/04\/RMMS-Spend-Plan-Film-1.pdf\">Film 1<\/a><\/span><\/td><td>$15.00<\/td><\/tr><tr><td width=\"831\">\u00a0<span style=\"color: #3366ff;\"><a style=\"color: #3366ff;\" href=\"https:\/\/wasatch.edu\/wp-content\/uploads\/2025\/04\/RMMS-Spend-Plan-Film-2.pdf\">Film 2<\/a><\/span><\/td><td>$15.00<\/td><\/tr><tr><td width=\"831\">\u00a0<span style=\"color: #3366ff;\"><a style=\"color: #3366ff;\" href=\"https:\/\/wasatch.edu\/wp-content\/uploads\/2025\/03\/RMMS-Spend-Plan-Graphic-Design.pdf\">Graphics, Intro<\/a><\/span><\/td><td>$10.00<\/td><\/tr><tr><td width=\"831\">\u00a0<span style=\"color: #3366ff;\"><a style=\"color: #3366ff;\" href=\"https:\/\/wasatch.edu\/wp-content\/uploads\/2025\/03\/RMMS-Spend-Plan-Latinos-in-Action.pdf\">Latinos in Action<\/a><\/span><\/td><td>$40.00<\/td><\/tr><tr><td width=\"831\">\u00a0<span style=\"color: #3366ff;\"><a style=\"color: #3366ff;\" href=\"https:\/\/wasatch.edu\/wp-content\/uploads\/2025\/03\/RMMS-Spend-Plan-Music-Band-Beginning-Brass-Woodwind-Symphonic.pdf\">Music: Beginning Band Brass<\/a> <\/span>(per year)<\/td><td>$25.00<\/td><\/tr><tr><td width=\"831\">\u00a0<a href=\"https:\/\/wasatch.edu\/wp-content\/uploads\/2025\/03\/RMMS-Spend-Plan-Music-Band-Beginning-Brass-Woodwind-Symphonic.pdf\"><span style=\"color: #3366ff;\">Music: Beginning Band Woodwinds<\/span><\/a> (per year)<\/td><td>$25.00<\/td><\/tr><tr><td width=\"831\">\u00a0<span style=\"color: #3366ff;\"><a style=\"color: #3366ff;\" href=\"https:\/\/wasatch.edu\/wp-content\/uploads\/2025\/03\/RMMS-Spend-Plan-Music-Guitar-and-General.pdf\">Music: General<\/a><\/span><\/td><td>$10.00<\/td><\/tr><tr><td width=\"831\">\u00a0<span style=\"color: #3366ff;\"><a style=\"color: #3366ff;\" href=\"https:\/\/wasatch.edu\/wp-content\/uploads\/2025\/03\/RMMS-Spend-Plan-Music-Guitar-and-General.pdf\">Music: Group Guitar<\/a><\/span><\/td><td>$10.00<\/td><\/tr><tr><td width=\"831\">\u00a0<span style=\"color: #3366ff;\"><a style=\"color: #3366ff;\" href=\"https:\/\/wasatch.edu\/wp-content\/uploads\/2025\/03\/RMMS-Spend-Plan-Music-Choir-Beg-Adv.pdf\">Music: Mixed Chorus Beginning<\/a>\u00a0<\/span><\/td><td>$20.00<\/td><\/tr><tr><td width=\"831\">\u00a0<span style=\"color: #3366ff;\"><a style=\"color: #3366ff;\" href=\"https:\/\/wasatch.edu\/wp-content\/uploads\/2025\/03\/RMMS-Spend-Plan-Music-Choir-Beg-Adv.pdf\">Music: Mixed Chorus Advanced<\/a><\/span><\/td><td>$20.00<\/td><\/tr><tr><td width=\"831\">\u00a0<span style=\"color: #3366ff;\"><a style=\"color: #3366ff;\" href=\"https:\/\/wasatch.edu\/wp-content\/uploads\/2025\/03\/RMMS-Spend-Plan-Music-Orchestra-Beg-Int-Adv.pdf\">Music: Orchestra Beginning<\/a><\/span> (per year)<\/td><td>$20.00<\/td><\/tr><tr><td width=\"831\">\u00a0<span style=\"color: #3366ff;\"><a style=\"color: #3366ff;\" href=\"https:\/\/wasatch.edu\/wp-content\/uploads\/2025\/03\/RMMS-Spend-Plan-Music-Orchestra-Beg-Int-Adv.pdf\">Music: Orchestra Intermediate<\/a> <\/span>(per year)<\/td><td>$20.00<\/td><\/tr><tr><td width=\"831\"><a href=\"https:\/\/wasatch.edu\/wp-content\/uploads\/2025\/03\/RMMS-Spend-Plan-Music-Orchestra-Beg-Int-Adv.pdf\">\u00a0<span style=\"color: #3366ff;\">Music: Orchestra Advanced<\/span><\/a> (per year)<\/td><td>$20.00<\/td><\/tr><tr><td width=\"831\">\u00a0<a href=\"https:\/\/wasatch.edu\/wp-content\/uploads\/2025\/03\/RMMS-Spend-Plan-Music-Percussion-1-and-2.pdf\"><span style=\"color: #3366ff;\">Music: Percussion 1<\/span><\/a> (per year)<\/td><td>$25.00<\/td><\/tr><tr><td width=\"831\">\u00a0<a href=\"https:\/\/wasatch.edu\/wp-content\/uploads\/2025\/03\/RMMS-Spend-Plan-Music-Percussion-1-and-2.pdf\"><span style=\"color: #3366ff;\">Music: Percussion 2<\/span><\/a> (per year)<\/td><td>$25.00<\/td><\/tr><tr><td width=\"831\">\u00a0<a href=\"https:\/\/wasatch.edu\/wp-content\/uploads\/2025\/03\/RMMS-Spend-Plan-Music-Band-Beginning-Brass-Woodwind-Symphonic.pdf\"><span style=\"color: #3366ff;\">Music: Symphonic Band<\/span><\/a> (per year)<\/td><td>$25.00<\/td><\/tr><tr><td width=\"831\">\u00a0<span style=\"color: #3366ff;\"><a style=\"color: #3366ff;\" href=\"https:\/\/wasatch.edu\/wp-content\/uploads\/2025\/03\/RMMS-Spend-Plan-Music-Instrument-Rental.pdf\">Music: Instrument Rental<\/a><\/span> (varies depending on instrument type and whether it&#8217;s a school rental or from 3rd\u00a0 party)<\/td><td>$35-$500<\/td><\/tr><tr><td width=\"831\">\u00a0<span style=\"color: #3366ff;\"><a style=\"color: #3366ff;\" href=\"https:\/\/wasatch.edu\/wp-content\/uploads\/2025\/03\/RMMS-Spend-Plan-PE.pdf\">PE: 6th grade<\/a><\/span><\/td><td>$20.00<\/td><\/tr><tr><td width=\"831\">\u00a0<span style=\"color: #3366ff;\"><a style=\"color: #3366ff;\" href=\"https:\/\/wasatch.edu\/wp-content\/uploads\/2025\/03\/RMMS-Spend-Plan-PE.pdf\">PE: 7\/8th grade<\/a><\/span><\/td><td>$20.00<\/td><\/tr><tr><td width=\"831\">\u00a0<span style=\"color: #3366ff;\"><a style=\"color: #3366ff;\" href=\"https:\/\/wasatch.edu\/wp-content\/uploads\/2025\/04\/RMMS-Spend-Plan-Stage-Crew.pdf\">Stage Crew<\/a><\/span><\/td><td>$10.00<\/td><\/tr><tr><td width=\"831\">\u00a0<span style=\"color: #3366ff;\"><a style=\"color: #3366ff;\" href=\"https:\/\/wasatch.edu\/wp-content\/uploads\/2025\/03\/RMMS-Spend-Plan-STEM.pdf\">STEM<\/a><\/span><\/td><td>$10.00<\/td><\/tr><tr><td width=\"831\">\u00a0<span style=\"color: #3366ff;\"><a style=\"color: #3366ff;\" href=\"https:\/\/wasatch.edu\/wp-content\/uploads\/2025\/03\/RMMS-Spend-Plan-STEM-Honors.pdf\">STEM, Honors<\/a><\/span><\/td><td>$10.00<\/td><\/tr><tr><td width=\"831\">\u00a0<span style=\"color: #3366ff;\"><a style=\"color: #3366ff;\" href=\"https:\/\/wasatch.edu\/wp-content\/uploads\/2025\/03\/RMMS-Spend-Plan-Student-Government.pdf\">Student Government\u00a0<\/a><\/span><\/td><td>$40.00<\/td><\/tr><tr><td width=\"831\"><span style=\"color: #3366ff;\">\u00a0<a style=\"color: #3366ff;\" href=\"https:\/\/wasatch.edu\/wp-content\/uploads\/2025\/04\/RMMS-Spend-Plan-Tech-Intro.pdf\">Technology Intro<\/a><\/span><\/td><td>$10.00<\/td><\/tr><tr><td width=\"831\">\u00a0<span style=\"color: #3366ff;\"><a style=\"color: #3366ff;\" href=\"https:\/\/wasatch.edu\/wp-content\/uploads\/2025\/04\/RMMS-Spend-Plan-Tech-1.pdf\">Tech I<\/a><\/span><\/td><td>$10.00<\/td><\/tr><tr><td width=\"831\">\u00a0<span style=\"color: #3366ff;\"><a style=\"color: #3366ff;\" href=\"https:\/\/wasatch.edu\/wp-content\/uploads\/2025\/04\/RMMS-Spend-Plan-Tech-2.pdf\">Tech II<\/a><\/span><\/td><td>$10.00<\/td><\/tr><tr><td width=\"831\">\u00a0<span style=\"color: #3366ff;\"><a style=\"color: #3366ff;\" href=\"https:\/\/wasatch.edu\/wp-content\/uploads\/2025\/03\/RMMS-Spend-Plan-Yearbook.pdf\">Yearbook<\/a><\/span> (class)<\/td><td>$40.00<\/td><\/tr><tr><td width=\"831\">\u00a0<span style=\"color: #3366ff;\"><a style=\"color: #3366ff;\" href=\"https:\/\/wasatch.edu\/wp-content\/uploads\/2025\/03\/RMMS-Spend-Plan-Yoga.pdf\">Yoga Fitness<\/a><\/span><\/td><td>$10.00<\/td><\/tr><tr><td width=\"831\"><span style=\"text-decoration: underline;\"><strong>Field Trips<\/strong><\/span><\/td><td width=\"89\">\u00a0<\/td><\/tr><tr><td width=\"831\">\u00a0Field trips and their related transportation, food, admission or participation fees (maximum allowed per trip)<\/td><td>$40.00<\/td><\/tr><tr><td width=\"831\"><span style=\"text-decoration: underline;\"><strong>Club\/Class Shirts<\/strong><\/span><\/td><td width=\"89\">\u00a0<\/td><\/tr><tr><td width=\"831\">\u00a0 T-shirts<\/td><td>$15.00<\/td><\/tr><tr><td width=\"831\">\u00a0 Sweatshirts or Hoodies (up to)<\/td><td>$40.00<\/td><\/tr><tr><td colspan=\"2\" width=\"920\"><span style=\"text-decoration: underline;\"><strong>Optional Fees<\/strong><\/span><\/td><\/tr><tr><td>\u00a0Student Activity Donation (Student activity fees are used to fund programs assemblies, student recognition, plays, and concerts)<\/td><td width=\"89\">$20.00<\/td><\/tr><tr><td width=\"831\">\u00a0Locker (up to)<\/td><td>$5.00<\/td><\/tr><tr><td width=\"831\">\u00a0Wasatch Parent Network (WPN)\u00a0 Donations of $5, $10, $20 or $50<\/td><td width=\"89\">Opt&#8217;l<\/td><\/tr><tr><td width=\"831\">\u00a0School T-Shirt<\/td><td width=\"89\">$15.00<\/td><\/tr><tr><td width=\"831\">\u00a0Yearbook (book)<\/td><td width=\"89\">$25.00<\/td><\/tr><tr><td width=\"831\">\u00a0Credit Card Transaction Fee<\/td><td width=\"89\">$2<\/td><\/tr><tr><td style=\"text-align: center;\" colspan=\"2\" width=\"920\">MIDDLE SCHOOL FEES UP TO MAXIMUM OF $1000 PER YEAR BASED ON CLASS SELECTION AND ACTIVITY<\/td><\/tr><\/tbody><\/table><\/div>\n\t\t\t\t\t\t\t\t\t<div class=\"elementor-tab-title elementor-tab-mobile-title\" aria-selected=\"false\" data-tab=\"3\" role=\"tab\" tabindex=\"-1\" aria-controls=\"elementor-tab-content-1233\" aria-expanded=\"false\">School Fee Waivers Exenciones de Tarifas<\/div>\n\t\t\t\t\t<div id=\"elementor-tab-content-1233\" class=\"elementor-tab-content elementor-clearfix\" data-tab=\"3\" role=\"tabpanel\" aria-labelledby=\"elementor-tab-title-1233\" tabindex=\"0\" hidden=\"hidden\"><p><span style=\"text-decoration: underline;\"><strong>Fee Waivers<\/strong><\/span><\/p><p>Students whose family resources are limited may apply for a fee waiver. If approved, the fee waiver student can participate in any school class or activity free of charge. To apply for a fee waiver, the student will need to submit an application and provide eligibility documentation. During the review process, the fee requirement will be suspended until a final decision has been reached about the student\u2019s eligibility for fee waivers. If the application is denied, the school will send a \u201cDecision and Appeal Form,\u201d explaining why the application was denied and how to appeal the decision.<\/p><p><span style=\"text-decoration: underline;\"><strong>Exenciones de Tarifas<\/strong><\/span><\/p><p>Los estudiantes con recursos familiares limitados pueden solicitar una exenci\u00f3n de cuotas. Si se aprueba, podr\u00e1n participar en cualquier clase o actividad escolar de forma gratuita. Para solicitarla, deber\u00e1n presentar una solicitud y proporcionar la documentaci\u00f3n necesaria. Durante el proceso de revisi\u00f3n, el requisito de pago se suspender\u00e1 hasta que se tome una decisi\u00f3n final sobre la elegibilidad del estudiante para la exenci\u00f3n. Si la solicitud es denegada, la escuela enviar\u00e1 un &#8220;Formulario de Decisi\u00f3n y Apelaci\u00f3n&#8221; que explicar\u00e1 el motivo de la denegaci\u00f3n y c\u00f3mo apelar la decisi\u00f3n.<\/p><table><tbody><tr><td width=\"312\"><p><strong>Fee Waiver Information<\/strong><\/p><\/td><td width=\"312\"><p><strong>Informaci\u00f3n sobre exenci\u00f3n de tarifas<\/strong><\/p><\/td><\/tr><tr><td width=\"312\"><a href=\"https:\/\/wasatch.edu\/wp-content\/uploads\/2025\/04\/School-Fee-Waiver-Application.pdf\"><span style=\"color: #3366ff;\">Fee Waiver Application<\/span><\/a><\/td><td width=\"312\"><p><span style=\"color: #3366ff;\"><a style=\"color: #3366ff;\" href=\"https:\/\/wasatch.edu\/wp-content\/uploads\/2025\/04\/School-Fee-Waiver-Application-Spanish.pdf\">Solicitud Exenci\u00f3n de Cuotas<\/a><\/span><\/p><\/td><\/tr><tr><td width=\"312\"><p><span style=\"color: #3366ff;\"><a style=\"color: #3366ff;\" href=\"https:\/\/wasatch.edu\/wp-content\/uploads\/2025\/04\/Fee-Waiver-Decision-and-Appeal-Form-English.pdf\">Fee Waiver Decision and Appeals Form<\/a><\/span><\/p><\/td><td width=\"312\"><p><span style=\"color: #3366ff;\"><a style=\"color: #3366ff;\" href=\"https:\/\/wasatch.edu\/wp-content\/uploads\/2025\/04\/Fee-Waiver-Decision-and-Appeal-Form-Spanish.pdf\">Formulario de Decisi\u00f3n y Apelaci\u00f3n de Exenci\u00f3n de Cuotas<\/a><\/span><\/p><\/td><\/tr><\/tbody><\/table><\/div>\n\t\t\t\t\t\t\t\t\t<div class=\"elementor-tab-title elementor-tab-mobile-title\" aria-selected=\"false\" data-tab=\"4\" role=\"tab\" tabindex=\"-1\" aria-controls=\"elementor-tab-content-1234\" aria-expanded=\"false\">Wasatch School District Distrito Escolar de Wasatch<\/div>\n\t\t\t\t\t<div id=\"elementor-tab-content-1234\" class=\"elementor-tab-content elementor-clearfix\" data-tab=\"4\" role=\"tabpanel\" aria-labelledby=\"elementor-tab-title-1234\" tabindex=\"0\" hidden=\"hidden\"><p><span style=\"text-decoration: underline;\"><strong>Wasatch School District<\/strong><\/span><\/p><p>For comprehensive information regarding school fees and related policies across the school district, please visit the official Wasatch School District website: <a href=\"https:\/\/wasatch.edu\/blog\/school-fees\/\"><span style=\"color: #3366ff;\">https:\/\/wasatch.edu\/blog\/school-fees\/<\/span><\/a>.\u00a0<\/p><p><span style=\"text-decoration: underline;\"><strong>Distrito Escolar de Wasatch<\/strong><\/span><\/p><p>Para obtener informaci\u00f3n completa sobre las tarifas escolares y las pol\u00edticas relacionadas en todo el distrito escolar, visite el sitio web oficial del Distrito Escolar de Wasatch: <span style=\"color: #3366ff;\"><a style=\"color: #3366ff;\" href=\"https:\/\/wasatch.edu\/blog\/school-fees\/\">https:\/\/wasatch.edu\/blog\/school-fees\/<\/a><\/span>.<\/p><\/div>\n\t\t\t\t\t\t\t<\/div>\n\t\t<\/div>\n\t\t\t\t\t\t<\/div>\n\t\t\t\t<\/div>\n\t\t\t\t\t<\/div>\n\t\t<\/div>\n\t\t\t\t\t<\/div>\n\t\t<\/section>\n\t\t\t\t<\/div>\n\t\t","protected":false},"excerpt":{"rendered":"<p>General Information Informaci\u00f3n General School Fees and Spend Plans Cuotas Escolares School Fee Waivers Exenciones de Tarifas Wasatch School District Distrito Escolar de Wasatch General Information Informaci\u00f3n General General Information If you have questions regarding school fees, please contact the school Financial Secretary at 435-654-9350 ext 2603. Fees can be paid online via myschoolfees.com or [&hellip;]<\/p>\n","protected":false},"author":3,"featured_media":0,"parent":0,"menu_order":0,"comment_status":"closed","ping_status":"closed","template":"","meta":{"_acf_changed":false,"footnotes":""},"categories":[],"tags":[],"class_list":["post-889","page","type-page","status-publish","hentry"],"acf":[],"_links":{"self":[{"href":"https:\/\/wasatch.edu\/rmms\/wp-json\/wp\/v2\/pages\/889","targetHints":{"allow":["GET"]}}],"collection":[{"href":"https:\/\/wasatch.edu\/rmms\/wp-json\/wp\/v2\/pages"}],"about":[{"href":"https:\/\/wasatch.edu\/rmms\/wp-json\/wp\/v2\/types\/page"}],"author":[{"embeddable":true,"href":"https:\/\/wasatch.edu\/rmms\/wp-json\/wp\/v2\/users\/3"}],"replies":[{"embeddable":true,"href":"https:\/\/wasatch.edu\/rmms\/wp-json\/wp\/v2\/comments?post=889"}],"version-history":[{"count":0,"href":"https:\/\/wasatch.edu\/rmms\/wp-json\/wp\/v2\/pages\/889\/revisions"}],"wp:attachment":[{"href":"https:\/\/wasatch.edu\/rmms\/wp-json\/wp\/v2\/media?parent=889"}],"wp:term":[{"taxonomy":"category","embeddable":true,"href":"https:\/\/wasatch.edu\/rmms\/wp-json\/wp\/v2\/categories?post=889"},{"taxonomy":"post_tag","embeddable":true,"href":"https:\/\/wasatch.edu\/rmms\/wp-json\/wp\/v2\/tags?post=889"}],"curies":[{"name":"wp","href":"https:\/\/api.w.org\/{rel}","templated":true}]}}