{"id":277,"date":"2021-09-03T04:01:49","date_gmt":"2021-09-03T04:01:49","guid":{"rendered":"https:\/\/wasatch.edu\/rmms\/?page_id=277"},"modified":"2025-07-18T21:05:16","modified_gmt":"2025-07-18T21:05:16","slug":"registration","status":"publish","type":"page","link":"https:\/\/wasatch.edu\/rmms\/registration\/","title":{"rendered":"Registration"},"content":{"rendered":"\t\t<div data-elementor-type=\"wp-page\" data-elementor-id=\"277\" class=\"elementor elementor-277\" data-elementor-post-type=\"page\">\n\t\t\t\t\t\t<section class=\"elementor-section elementor-top-section elementor-element elementor-element-5ba15ff1 elementor-section-boxed elementor-section-height-default elementor-section-height-default\" data-id=\"5ba15ff1\" data-element_type=\"section\" data-e-type=\"section\">\n\t\t\t\t\t\t<div class=\"elementor-container elementor-column-gap-extended\">\n\t\t\t\t\t<div class=\"elementor-column elementor-col-100 elementor-top-column elementor-element elementor-element-855aad5\" data-id=\"855aad5\" data-element_type=\"column\" data-e-type=\"column\">\n\t\t\t<div class=\"elementor-widget-wrap elementor-element-populated\">\n\t\t\t\t\t\t<div class=\"elementor-element elementor-element-3eb14ff1 elementor-widget elementor-widget-heading\" data-id=\"3eb14ff1\" data-element_type=\"widget\" data-e-type=\"widget\" data-widget_type=\"heading.default\">\n\t\t\t\t<div class=\"elementor-widget-container\">\n\t\t\t\t\t<h3 class=\"elementor-heading-title elementor-size-default\">How to Register<\/h3>\t\t\t\t<\/div>\n\t\t\t\t<\/div>\n\t\t\t\t<div class=\"elementor-element elementor-element-7977453e elementor-widget elementor-widget-text-editor\" data-id=\"7977453e\" data-element_type=\"widget\" data-e-type=\"widget\" data-widget_type=\"text-editor.default\">\n\t\t\t\t<div class=\"elementor-widget-container\">\n\t\t\t\t\t\t\t\t\t<hr \/><p><a href=\"https:\/\/wasatchschooldistrict.sharepoint.com\/:b:\/s\/WasatchWeb\/EYzwkloIdbZItGeUMJH-jPwBhd53zfKq-2Ah7APazLNE4w?e=TSgvhT\">2022-23 Registration Letter to Parents<\/a><\/p><p><a href=\"https:\/\/wasatchschooldistrict.sharepoint.com\/:b:\/s\/WasatchWeb\/EZ--1yMo-tRBvf3Fl4P1p6MBHoY1fogHM086WEvGcyZrqQ?e=MyTB5C\">2022-23 Carta de registro a las padres<\/a><\/p><p>Many students have not been registered for this year. Registration is different than class selection and enrollment. What does registration mean? Registration is reviewing your information (phone number, address and email), reading and signing out forms online. If you have not yet registered your child FOR THIS YEAR you will be receiving at email reminder each week to do so. How to register (this will take about 20 minutes)<\/p><ol><li>Login as a parent on SIS https:\/\/sis.wasatch.edu\/Login.aspx a. Don\u2019t have or forgot your Username? Click Request a Username. b. Forgot your password? Click Forgot your password<\/li><li>Click the flagged note above your student&#8217;s picture on the right side( Can register for Grade 6,7,8)<\/li><li>Once logged in click links (page names), review information, then accept or electronically sign at the bottom of each page.<\/li><\/ol><p>Thank you for taking the time to register your child at RMMS!<\/p><hr \/><p>Inscripci\u00f3n Muchos estudiantes no se han registrado para este a\u00f1o. La inscripci\u00f3n es diferente a la selecci\u00f3n de clase y la inscripci\u00f3n. \u00bfQu\u00e9 significa el registro? El registro consiste en revisar su informaci\u00f3n (n\u00famero de tel\u00e9fono, direcci\u00f3n y correo electr\u00f3nico), leer y cerrar formularios en l\u00ednea. Si a\u00fan no ha registrado a su hijo PARA ESTE A\u00d1O, recibir\u00e1 un recordatorio por correo electr\u00f3nico cada semana para hacerlo. C\u00f3mo registrarse (esto llevar\u00e1 unos 20 minutos)<\/p><ol><li>Inicie sesi\u00f3n como padre en SIS https:\/\/sisweb.wasatch.edu\/Login.aspx a. \u00bfNo has olvidado tu nombre de usuario? Haga clic en Solicitar un nombre de usuario. b. si. \u00bfOlvidaste tu contrase\u00f1a? Haga clic en Olvid\u00f3 su contrase\u00f1a<\/li><li>Haga clic en la nota marcada sobre la imagen de sus alumnos en el lado derecho ( Puede registrarse para el Grado 6,7,8)<\/li><li>Una vez que se haya registrado, abra las p\u00e1ginas haciendo clic en el enlace (nombre del formulario), pase a la p\u00e1gina o formulario siguiente al aceptar o firmar en la parte inferior de la p\u00e1gina.<\/li><li>\u00a1Gracias por tomarse el tiempo para registrar a su hijo en RMMS!<\/li><\/ol>\t\t\t\t\t\t\t\t<\/div>\n\t\t\t\t<\/div>\n\t\t\t\t<div class=\"elementor-element elementor-element-7e8fd740 elementor-widget elementor-widget-heading\" data-id=\"7e8fd740\" data-element_type=\"widget\" data-e-type=\"widget\" data-widget_type=\"heading.default\">\n\t\t\t\t<div class=\"elementor-widget-container\">\n\t\t\t\t\t<h3 class=\"elementor-heading-title elementor-size-default\"><a href=\"https:\/\/wasatchschooldistrict.sharepoint.com\/:b:\/s\/WasatchWeb\/EbPn47pcfJVLheJMxl5VxVcBPvIekoMf46MZLYLp11EsBQ?e=gD3CdM\">Immunization Requirements for 7th Grade Entry<\/a><\/h3>\t\t\t\t<\/div>\n\t\t\t\t<\/div>\n\t\t\t\t<div class=\"elementor-element elementor-element-5ff17a98 elementor-widget elementor-widget-text-editor\" data-id=\"5ff17a98\" data-element_type=\"widget\" data-e-type=\"widget\" data-widget_type=\"text-editor.default\">\n\t\t\t\t<div class=\"elementor-widget-container\">\n\t\t\t\t\t\t\t\t\t<p>Dear Parent\/Guardian:<\/p><p>Your student is currently due for the following Immunizations for 7<sup>th<\/sup>\u00a0grade entry:<\/p><ul><li>TDAP \u00a0\u00a0\u00a0\u00a0\u00a0\u00a0\u00a0\u00a0\u00a0<\/li><li>MENINGOCOCCAL\u00a0\u00a0 \u00a0<\/li><li>2<sup>ND<\/sup>\u00a0VARICELLA<\/li><\/ul><p>This is a State requirement unless you have an Exemption form that specifically says, \u201cALL IMMUNIZATIONS ARE EXEMPT\u201d.<\/p><p>Please PROVIDE proof of the Immunizations to RMMS in one of the following ways:<\/p><ol><li>Email to:\u00a0<a id=\"LPlnk596730\" href=\"mailto:lucy.davis@wasatch.edu\" target=\"_blank\" rel=\"noopener noreferrer\" data-auth=\"NotApplicable\" aria-label=\"lucy.davis@wasatch.edu - Opens a new window\">lucy.davis@wasatch.edu<\/a><\/li><li>Fax: 435-654-9343<\/li><li>Bring it into RMMS front office<\/li><\/ol><p>Proof of Immunization or exemption is required for 7th grade entry 2022-23. Thank you for your quick attention to this matter. No exceptions will be made.<\/p><p>Thank you!<\/p>\t\t\t\t\t\t\t\t<\/div>\n\t\t\t\t<\/div>\n\t\t\t\t\t<\/div>\n\t\t<\/div>\n\t\t\t\t\t<\/div>\n\t\t<\/section>\n\t\t\t\t<\/div>\n\t\t","protected":false},"excerpt":{"rendered":"<p>How to Register 2022-23 Registration Letter to Parents 2022-23 Carta de registro a las padres Many students have not been registered for this year. Registration is different than class selection and enrollment. What does registration mean? Registration is reviewing your information (phone number, address and email), reading and signing out forms online. If you have [&hellip;]<\/p>\n","protected":false},"author":3,"featured_media":0,"parent":0,"menu_order":0,"comment_status":"closed","ping_status":"closed","template":"","meta":{"_acf_changed":false,"footnotes":""},"categories":[],"tags":[],"class_list":["post-277","page","type-page","status-publish","hentry"],"acf":[],"_links":{"self":[{"href":"https:\/\/wasatch.edu\/rmms\/wp-json\/wp\/v2\/pages\/277","targetHints":{"allow":["GET"]}}],"collection":[{"href":"https:\/\/wasatch.edu\/rmms\/wp-json\/wp\/v2\/pages"}],"about":[{"href":"https:\/\/wasatch.edu\/rmms\/wp-json\/wp\/v2\/types\/page"}],"author":[{"embeddable":true,"href":"https:\/\/wasatch.edu\/rmms\/wp-json\/wp\/v2\/users\/3"}],"replies":[{"embeddable":true,"href":"https:\/\/wasatch.edu\/rmms\/wp-json\/wp\/v2\/comments?post=277"}],"version-history":[{"count":0,"href":"https:\/\/wasatch.edu\/rmms\/wp-json\/wp\/v2\/pages\/277\/revisions"}],"wp:attachment":[{"href":"https:\/\/wasatch.edu\/rmms\/wp-json\/wp\/v2\/media?parent=277"}],"wp:term":[{"taxonomy":"category","embeddable":true,"href":"https:\/\/wasatch.edu\/rmms\/wp-json\/wp\/v2\/categories?post=277"},{"taxonomy":"post_tag","embeddable":true,"href":"https:\/\/wasatch.edu\/rmms\/wp-json\/wp\/v2\/tags?post=277"}],"curies":[{"name":"wp","href":"https:\/\/api.w.org\/{rel}","templated":true}]}}