{"id":938,"date":"2022-08-24T18:45:58","date_gmt":"2022-08-24T18:45:58","guid":{"rendered":"https:\/\/wasatch.edu\/aquaticcenter\/?page_id=938"},"modified":"2026-03-07T16:48:48","modified_gmt":"2026-03-07T16:48:48","slug":"lap-swimming","status":"publish","type":"page","link":"https:\/\/wasatch.edu\/aquaticcenter\/lap-swimming\/","title":{"rendered":"Competition Pool"},"content":{"rendered":"\t\t<div data-elementor-type=\"wp-page\" data-elementor-id=\"938\" class=\"elementor elementor-938\" data-elementor-post-type=\"page\">\n\t\t\t\t\t\t<section class=\"elementor-section elementor-top-section elementor-element elementor-element-fc227c4 elementor-section-boxed elementor-section-height-default elementor-section-height-default\" data-id=\"fc227c4\" data-element_type=\"section\" data-e-type=\"section\">\n\t\t\t\t\t\t<div class=\"elementor-container elementor-column-gap-default\">\n\t\t\t\t\t<div class=\"elementor-column elementor-col-100 elementor-top-column elementor-element elementor-element-133a892\" data-id=\"133a892\" data-element_type=\"column\" data-e-type=\"column\">\n\t\t\t<div class=\"elementor-widget-wrap elementor-element-populated\">\n\t\t\t\t\t\t<div class=\"elementor-element elementor-element-b7b8185 elementor-widget elementor-widget-text-editor\" data-id=\"b7b8185\" data-element_type=\"widget\" data-e-type=\"widget\" data-widget_type=\"text-editor.default\">\n\t\t\t\t<div class=\"elementor-widget-container\">\n\t\t\t\t\t\t\t\t\t<h1 style=\"text-align: center;\"><span style=\"color: #000000;\"><strong><u>Competition\u00a0Pool<\/u><\/strong><\/span><\/h1><p style=\"text-align: left;\"><span style=\"color: #000000;\"><em><u>Our hours are different in the Summer and Fall. \u00a0Please Scroll down to see our full hours in each pool.<\/u><\/em><\/span><\/p><p style=\"text-align: left;\"><span style=\"color: #000000;\">We are a\u00a0<em><u>lane-sharing<\/u><\/em>\u00a0facility, please be courteous to other swimmers. Information on lane sharing can be viewed on our webpage or we have handouts at the pool.<\/span><\/p><p style=\"text-align: left;\"><span style=\"color: #000000;\"><strong><em><u>We ask that Lane 1 be left for our ADA lane or those who need the stairs.<\/u><\/em><\/strong><\/span><\/p><p style=\"text-align: left;\"><span style=\"color: #000000;\">Somos una instalaci\u00f3n de carriles compartidos, por favor sea cort\u00e9s con otros nadadores. La informaci\u00f3n sobre el uso compartido de carriles se puede ver en nuestra p\u00e1gina web o tenemos folletos en la piscina.*<\/span><\/p><p style=\"text-align: left;\"><span style=\"color: #000000;\"><em><u>Pedimos que el Carril 1 sea reservado para nuestro carril ADA o para aquellos que necesiten las escaleras.<\/u><\/em><\/span><\/p><p style=\"text-align: left;\"><span style=\"color: #000000;\"><strong><u>Competition Pool (Aug School Start-May)<\/u><\/strong><\/span><\/p><p style=\"text-align: left;\"><span style=\"color: #000000;\"><strong><u>Please be aware of Closures during the Fall, Spring, and Winter due to Swim Meets and Holidays.<\/u><\/strong><\/span><\/p><p style=\"text-align: left;\"><span style=\"color: #000000;\"><strong><u>5:30am-8:00pm<\/u><\/strong><\/span><\/p><p style=\"text-align: left;\"><span style=\"color: #000000;\"><strong><u>Monday<\/u><\/strong><\/span><\/p><ul><li style=\"text-align: left;\"><span style=\"color: #000000;\">5:30am-2:00pm lap swimming<\/span><\/li><li style=\"text-align: left;\"><span style=\"color: #000000;\">5:30am-6:30am 1 &#8211; 6 Lane<\/span><\/li><li style=\"text-align: left;\"><span style=\"color: #000000;\">5:30 am-6:30am Master\u2019s Swim lanes 6 -10<\/span><\/li><li style=\"text-align: left;\"><span style=\"color: #000000;\">11:30am-12:30pm Master\u2019s Swim lanes 6-10<\/span><\/li><li style=\"text-align: left;\"><strong><span style=\"color: #000000;\">2:00pm-3:00pm Pool Closed Inservice (Not on Holidays)<\/span><\/strong><\/li><li style=\"text-align: left;\"><span style=\"color: #000000;\">3:00pm-7:00pm Lap Lanes not Available<\/span><\/li><li style=\"text-align: left;\"><span style=\"color: #000000;\">7:00pm-8:00pm Lap Swimming<\/span><\/li><\/ul><p style=\"text-align: left;\"><span style=\"color: #000000;\"><strong><u>Tuesday<\/u><\/strong><\/span><\/p><ul><li style=\"text-align: left;\"><span style=\"color: #000000;\">5:30am-3:00pm lap swimming<\/span><\/li><li style=\"text-align: left;\"><strong><span style=\"color: #000000;\">5:00am-7:00am Wasatch High School Swim Team (October-Second Week in February)<\/span><\/strong><ul><li style=\"text-align: left;\"><span style=\"color: #000000;\">5:30am-7:00am Wasatch Water Polo will have lanes 6-10 from March 1st till the end of May.<\/span><\/li><\/ul><\/li><li style=\"text-align: left;\"><span style=\"color: #000000;\">7:00am-3:00pm Lap Swimming<\/span><\/li><li style=\"text-align: left;\"><span style=\"color: #000000;\">7:30am-8:30am Floga Lanes 9-10\u00a0<\/span><\/li><li style=\"text-align: left;\"><span style=\"color: #000000;\">3:00pm-7:00pm Lap Lanes not Available<\/span><\/li><li style=\"text-align: left;\"><span style=\"color: #000000;\">7:00pm-8:00pm Lap Swimming<\/span><\/li><\/ul><p style=\"text-align: left;\"><span style=\"color: #000000;\"><strong><u>Wednesday<\/u><\/strong><\/span><\/p><ul><li style=\"text-align: left;\"><span style=\"color: #000000;\">5:30am-3:00pm lap swimming<\/span><\/li><li style=\"text-align: left;\"><span style=\"color: #000000;\">5:30 am-6:30am Master\u2019s Swim lanes 6 -10<\/span><\/li><li style=\"text-align: left;\"><span style=\"color: #000000;\">6:00am-7:00am Water Aerobics Lanes 1-3<\/span><\/li><li style=\"text-align: left;\"><span style=\"color: #000000;\">11:30am-12:30pm Master\u2019s Swim lanes 6-10<\/span><\/li><li style=\"text-align: left;\"><span style=\"color: #000000;\">3:00pm-4:30pm Lap Lanes not Available<\/span><\/li><li style=\"text-align: left;\"><span style=\"color: #000000;\">4:30pm-8:00pm Lap Swimming<\/span><\/li><\/ul><p style=\"text-align: left;\"><span style=\"color: #000000;\"><strong><u>Thursday<\/u><\/strong><\/span><\/p><ul><li style=\"text-align: left;\"><span style=\"color: #000000;\">5:30am-3:00pm lap swimming<\/span><\/li><li style=\"text-align: left;\"><strong><span style=\"color: #000000;\">5:00am-7:00am Wasatch High School Swim Team (October-Second Week in February)<\/span><\/strong><ul><li style=\"text-align: left;\"><span style=\"color: #000000;\">5:30am-7:00am Wasatch Water Polo will have lanes 6-10 from March 1st till the end of May.<\/span><\/li><\/ul><\/li><li style=\"text-align: left;\"><span style=\"color: #000000;\">7:00am-3:00pm Lap Swimming<\/span><\/li><li style=\"text-align: left;\"><span style=\"color: #000000;\">8:30am-9:30am Boga Fit Lanes 9-10\u00a0<\/span><\/li><li style=\"text-align: left;\"><span style=\"color: #000000;\">3:00pm-7:00pm Lap Lanes not Available<\/span><\/li><li style=\"text-align: left;\"><span style=\"color: #000000;\">7:00pm-8:00pm Lap Swimming<\/span><\/li><\/ul><p style=\"text-align: left;\"><span style=\"color: #000000;\"><strong><u>Friday<\/u><\/strong><\/span><\/p><ul><li style=\"text-align: left;\"><span style=\"color: #000000;\">5:30am-3:00pm lap swimming<\/span><\/li><li style=\"text-align: left;\"><span style=\"color: #000000;\">5:30 am-6:30am Master\u2019s Swim lanes 6 -10<\/span><\/li><li style=\"text-align: left;\"><span style=\"color: #000000;\">8:15am-9:15am Water Aerobics Lanes 1-3<\/span><\/li><li style=\"text-align: left;\"><span style=\"color: #000000;\">5:30 am-6:30am Master\u2019s Swim lanes 6 -10<\/span><\/li><li style=\"text-align: left;\"><span style=\"color: #000000;\">11:30am-12:30pm Master\u2019s Swim lanes 6-10<\/span><\/li><li style=\"text-align: left;\"><span style=\"color: #000000;\">3:00pm-7:00pm Lap Lanes not Available<\/span><\/li><li style=\"text-align: left;\"><span style=\"color: #000000;\">7:00pm-8:00pm Lap Swimming<\/span><\/li><\/ul><div style=\"text-align: left;\"><span style=\"color: #000000;\">\u00a0<\/span><\/div><p style=\"text-align: left;\"><span style=\"color: #000000;\"><strong><u>Saturday 8:00am-6:00pm<\/u><\/strong><\/span><\/p><ul><li style=\"text-align: left;\"><span style=\"color: #000000;\">8:00am-9:30am limited lap swimming<\/span><ul><li style=\"text-align: left;\"><span style=\"color: #000000;\">Lanes 1-5 Wasatch Club Swim Team<\/span><\/li><li style=\"text-align: left;\"><span style=\"color: #000000;\">Lanes 6-10 Open for Lap Swim<\/span><\/li><\/ul><\/li><li style=\"text-align: left;\"><span style=\"color: #000000;\">9:30am-10:30am all lanes lap swimming<\/span><ul><li><span style=\"color: #000000;\">10:30am Lanes 6-10 closed for wibit setup<\/span><\/li><\/ul><\/li><li style=\"text-align: left;\"><span style=\"color: #000000;\">10:30am-6:00pm 5 lanes lap swimming<\/span><\/li><li style=\"text-align: left;\"><span style=\"color: #000000;\">11:00am-5:30pm Wibit for Family Play Time<\/span><\/li><\/ul><h1>\u00a0<\/h1><h1><span style=\"color: #000000;\"><strong><u>Competition Pool &#8211; Summer (June-1 &#8211; August)<\/u><\/strong><\/span><\/h1><p style=\"text-align: left;\"><span style=\"color: #000000;\"><strong><u>Monday &amp; Friday<\/u><\/strong><\/span><\/p><ul><li style=\"text-align: left;\"><span style=\"color: #000000;\">5:30am-6:30am 1 &#8211; 6 Lane<\/span><\/li><li style=\"text-align: left;\"><span style=\"color: #000000;\">5:30 am-6:30am Master\u2019s Swim lanes 6 -10<\/span><\/li><li style=\"text-align: left;\"><span style=\"color: #000000;\">6:30am-11:30am Swim Team all lanes in use<\/span><\/li><li style=\"text-align: left;\"><span style=\"color: #000000;\">11:30am-12:30pm Master\u2019s Swim lanes 6-10<\/span><\/li><li style=\"text-align: left;\"><span style=\"color: #000000;\">11:30 am to 8:00 pm Lanes 1-5 lap swim.<\/span><\/li><li style=\"text-align: left;\"><span style=\"color: #000000;\">12:30am-7:30pm Wibits<\/span><\/li><\/ul><p style=\"text-align: left;\"><span style=\"color: #000000;\"><strong><u>Tuesday &amp; Thursday<\/u><\/strong><\/span><\/p><ul><li style=\"text-align: left;\"><span style=\"color: #000000;\">5:30am-6:30 am 1 &#8211; 6 Lane<\/span><\/li><li style=\"text-align: left;\"><span style=\"color: #000000;\">6:30am-11:30am Swim Team all lanes in use<\/span><\/li><li style=\"text-align: left;\"><span style=\"color: #000000;\">(Lanes 9-10 will be used from 8:30 am-9:30 am for Floga and Boga)<\/span><\/li><li style=\"text-align: left;\"><span style=\"color: #000000;\">11:30 am to 8:00 pm Lanes 1-5 lap swim.<\/span><\/li><li style=\"text-align: left;\"><span style=\"color: #000000;\">12:30am-7:30pm Wibits<\/span><\/li><\/ul><p style=\"text-align: left;\"><span style=\"color: #000000;\"><strong><u>Wednesday<\/u><\/strong><\/span><\/p><ul><li style=\"text-align: left;\"><span style=\"color: #000000;\">5:30am-6:30am 1 &#8211; 6 Lane<\/span><\/li><li style=\"text-align: left;\"><span style=\"color: #000000;\">5:30 am-6:30am Master\u2019s Swim lanes 6 -10<\/span><\/li><li style=\"text-align: left;\"><span style=\"color: #000000;\">11:30am-12:30pm Master\u2019s Swim lanes 6-10<\/span><\/li><li style=\"text-align: left;\"><span style=\"color: #000000;\">11:30 am to 8:00 pm Lanes 1-5 lap swim.<\/span><\/li><li style=\"text-align: left;\"><span style=\"color: #000000;\">12:30am-7:30pm Wibits<\/span><\/li><\/ul><p style=\"text-align: left;\"><span style=\"color: #000000;\"><strong><u>Saturday 8:00am-6:00pm<\/u><\/strong><\/span><\/p><ul><li style=\"text-align: left;\"><span style=\"color: #000000;\">8:00am-9:30am limited lap swimming<\/span><ul><li style=\"text-align: left;\"><span style=\"color: #000000;\">Lanes 1-5 Wasatch Club Swim Team<\/span><\/li><li style=\"text-align: left;\"><span style=\"color: #000000;\">Lanes 6-10 Open for Lap Swim<\/span><\/li><\/ul><\/li><li style=\"text-align: left;\"><span style=\"color: #000000;\">9:30am-10:30am all lanes lap swimming<\/span><ul><li><span style=\"color: #000000;\">10:30am Lanes 6-10 closed for wibit setup<\/span><\/li><\/ul><\/li><li style=\"text-align: left;\"><span style=\"color: #000000;\">10:30am-6:00pm 5 lanes lap swimming<\/span><\/li><li style=\"text-align: left;\"><span style=\"color: #000000;\">11:00am-5:30pm Wibit for Family Play Time<\/span><\/li><\/ul>\t\t\t\t\t\t\t\t<\/div>\n\t\t\t\t<\/div>\n\t\t\t\t\t<\/div>\n\t\t<\/div>\n\t\t\t\t\t<\/div>\n\t\t<\/section>\n\t\t\t\t<\/div>\n\t\t","protected":false},"excerpt":{"rendered":"<p>Competition\u00a0Pool Our hours are different in the Summer and Fall. \u00a0Please Scroll down to see our full hours in each pool. We are a\u00a0lane-sharing\u00a0facility, please be courteous to other swimmers. Information on lane sharing can be viewed on our webpage or we have handouts at the pool. We ask that Lane 1 be left for [&hellip;]<\/p>\n","protected":false},"author":10,"featured_media":0,"parent":0,"menu_order":0,"comment_status":"closed","ping_status":"closed","template":"","meta":{"_acf_changed":false,"footnotes":""},"categories":[],"tags":[],"class_list":["post-938","page","type-page","status-publish","hentry"],"acf":[],"_links":{"self":[{"href":"https:\/\/wasatch.edu\/aquaticcenter\/wp-json\/wp\/v2\/pages\/938","targetHints":{"allow":["GET"]}}],"collection":[{"href":"https:\/\/wasatch.edu\/aquaticcenter\/wp-json\/wp\/v2\/pages"}],"about":[{"href":"https:\/\/wasatch.edu\/aquaticcenter\/wp-json\/wp\/v2\/types\/page"}],"author":[{"embeddable":true,"href":"https:\/\/wasatch.edu\/aquaticcenter\/wp-json\/wp\/v2\/users\/10"}],"replies":[{"embeddable":true,"href":"https:\/\/wasatch.edu\/aquaticcenter\/wp-json\/wp\/v2\/comments?post=938"}],"version-history":[{"count":5,"href":"https:\/\/wasatch.edu\/aquaticcenter\/wp-json\/wp\/v2\/pages\/938\/revisions"}],"predecessor-version":[{"id":1923,"href":"https:\/\/wasatch.edu\/aquaticcenter\/wp-json\/wp\/v2\/pages\/938\/revisions\/1923"}],"wp:attachment":[{"href":"https:\/\/wasatch.edu\/aquaticcenter\/wp-json\/wp\/v2\/media?parent=938"}],"wp:term":[{"taxonomy":"category","embeddable":true,"href":"https:\/\/wasatch.edu\/aquaticcenter\/wp-json\/wp\/v2\/categories?post=938"},{"taxonomy":"post_tag","embeddable":true,"href":"https:\/\/wasatch.edu\/aquaticcenter\/wp-json\/wp\/v2\/tags?post=938"}],"curies":[{"name":"wp","href":"https:\/\/api.w.org\/{rel}","templated":true}]}}